{"id":770,"date":"2024-04-27T19:23:03","date_gmt":"2024-04-27T22:23:03","guid":{"rendered":"https:\/\/webdesignsolutions.tech\/sanluis\/?page_id=770"},"modified":"2024-04-28T12:49:46","modified_gmt":"2024-04-28T15:49:46","slug":"carta-organica","status":"publish","type":"page","link":"https:\/\/webdesignsolutions.tech\/sanluis\/carta-organica\/","title":{"rendered":"Carta org\u00e1nica"},"content":{"rendered":"\t\t<div data-elementor-type=\"wp-page\" data-elementor-id=\"770\" class=\"elementor elementor-770\" data-elementor-post-type=\"page\">\n\t\t\t\t\t\t\t<div class=\"elementor-element elementor-element-742abf05 e-flex e-con-boxed e-con e-parent\" data-id=\"742abf05\" data-element_type=\"container\" data-settings=\"{&quot;content_width&quot;:&quot;boxed&quot;}\" data-core-v316-plus=\"true\">\n\t\t\t\t\t<div class=\"e-con-inner\">\n\t\t\t\t\t<\/div>\n\t\t\t\t<\/div>\n\t\t<div class=\"elementor-element elementor-element-3e3ef7b e-flex e-con-boxed e-con e-parent\" data-id=\"3e3ef7b\" data-element_type=\"container\" data-settings=\"{&quot;background_background&quot;:&quot;classic&quot;,&quot;content_width&quot;:&quot;boxed&quot;}\" data-core-v316-plus=\"true\">\n\t\t\t\t\t<div class=\"e-con-inner\">\n\t\t\t\t\t<\/div>\n\t\t\t\t<\/div>\n\t\t<div class=\"elementor-element elementor-element-a2a7362 e-flex e-con-boxed e-con e-parent\" data-id=\"a2a7362\" data-element_type=\"container\" data-settings=\"{&quot;content_width&quot;:&quot;boxed&quot;}\" data-core-v316-plus=\"true\">\n\t\t\t\t\t<div class=\"e-con-inner\">\n\t\t\t\t<div class=\"elementor-element elementor-element-a046991 elementor-widget elementor-widget-heading\" data-id=\"a046991\" data-element_type=\"widget\" data-widget_type=\"heading.default\">\n\t\t\t\t<div class=\"elementor-widget-container\">\n\t\t\t<style>\/*! elementor - v3.18.0 - 20-12-2023 *\/\n.elementor-heading-title{padding:0;margin:0;line-height:1}.elementor-widget-heading .elementor-heading-title[class*=elementor-size-]>a{color:inherit;font-size:inherit;line-height:inherit}.elementor-widget-heading .elementor-heading-title.elementor-size-small{font-size:15px}.elementor-widget-heading .elementor-heading-title.elementor-size-medium{font-size:19px}.elementor-widget-heading .elementor-heading-title.elementor-size-large{font-size:29px}.elementor-widget-heading .elementor-heading-title.elementor-size-xl{font-size:39px}.elementor-widget-heading .elementor-heading-title.elementor-size-xxl{font-size:59px}<\/style><h2 class=\"elementor-heading-title elementor-size-default\">Carta org\u00e1nica<\/h2>\t\t<\/div>\n\t\t\t\t<\/div>\n\t\t\t\t<div class=\"elementor-element elementor-element-5aea1825 elementor-widget elementor-widget-text-editor\" data-id=\"5aea1825\" data-element_type=\"widget\" data-widget_type=\"text-editor.default\">\n\t\t\t\t<div class=\"elementor-widget-container\">\n\t\t\t<style>\/*! elementor - v3.18.0 - 20-12-2023 *\/\n.elementor-widget-text-editor.elementor-drop-cap-view-stacked .elementor-drop-cap{background-color:#69727d;color:#fff}.elementor-widget-text-editor.elementor-drop-cap-view-framed .elementor-drop-cap{color:#69727d;border:3px solid;background-color:transparent}.elementor-widget-text-editor:not(.elementor-drop-cap-view-default) .elementor-drop-cap{margin-top:8px}.elementor-widget-text-editor:not(.elementor-drop-cap-view-default) .elementor-drop-cap-letter{width:1em;height:1em}.elementor-widget-text-editor .elementor-drop-cap{float:left;text-align:center;line-height:1;font-size:50px}.elementor-widget-text-editor .elementor-drop-cap-letter{display:inline-block}<\/style>\t\t\t\tLa carta org\u00e1nica de la Ciudad de San Luis, es la normativa que contiene los fundamentos del accionar del \u00e1mbito municipal. Ordena y establece las cl\u00e1usulas que rigen el funcionamiento del Poder Ejecutivo y del Poder Legislativo. Asimismo, establece las normas sobre el presupuesto, junta electoral y otros estamentos del gobierno municipal.\t\t\t\t\t\t<\/div>\n\t\t\t\t<\/div>\n\t\t\t\t<div class=\"elementor-element elementor-element-ea866cf elementor-align-right elementor-widget elementor-widget-button\" data-id=\"ea866cf\" data-element_type=\"widget\" data-widget_type=\"button.default\">\n\t\t\t\t<div class=\"elementor-widget-container\">\n\t\t\t\t\t<div class=\"elementor-button-wrapper\">\n\t\t\t<a class=\"elementor-button elementor-button-link elementor-size-sm\" href=\"https:\/\/webdesignsolutions.tech\/sanluis\/wp-content\/uploads\/2024\/04\/Carta-Organica-Ciudad-de-San-Luis.pdf\">\n\t\t\t\t\t\t<span class=\"elementor-button-content-wrapper\">\n\t\t\t\t\t\t<span class=\"elementor-button-text\">Carta Org\u00e1nica<\/span>\n\t\t<\/span>\n\t\t\t\t\t<\/a>\n\t\t<\/div>\n\t\t\t\t<\/div>\n\t\t\t\t<\/div>\n\t\t\t\t\t<\/div>\n\t\t\t\t<\/div>\n\t\t\t\t\t\t\t<\/div>\n\t\t","protected":false},"excerpt":{"rendered":"<p>La carta org\u00e1nica de la Ciudad de San Luis, es la normativa que contiene los fundamentos del accionar del \u00e1mbito municipal. Ordena y establece las cl\u00e1usulas que rigen el funcionamiento del Poder Ejecutivo y del Poder Legislativo. Asimismo, establece las normas sobre el presupuesto, junta electoral y otros estamentos del gobierno municipal. Carta Org\u00e1nica<\/p>\n","protected":false},"author":1,"featured_media":773,"parent":0,"menu_order":0,"comment_status":"closed","ping_status":"closed","template":"elementor_header_footer","meta":{"_acf_changed":false,"footnotes":""},"class_list":["post-770","page","type-page","status-publish","has-post-thumbnail","hentry"],"acf":[],"_links":{"self":[{"href":"https:\/\/webdesignsolutions.tech\/sanluis\/wp-json\/wp\/v2\/pages\/770","targetHints":{"allow":["GET"]}}],"collection":[{"href":"https:\/\/webdesignsolutions.tech\/sanluis\/wp-json\/wp\/v2\/pages"}],"about":[{"href":"https:\/\/webdesignsolutions.tech\/sanluis\/wp-json\/wp\/v2\/types\/page"}],"author":[{"embeddable":true,"href":"https:\/\/webdesignsolutions.tech\/sanluis\/wp-json\/wp\/v2\/users\/1"}],"replies":[{"embeddable":true,"href":"https:\/\/webdesignsolutions.tech\/sanluis\/wp-json\/wp\/v2\/comments?post=770"}],"version-history":[{"count":14,"href":"https:\/\/webdesignsolutions.tech\/sanluis\/wp-json\/wp\/v2\/pages\/770\/revisions"}],"predecessor-version":[{"id":791,"href":"https:\/\/webdesignsolutions.tech\/sanluis\/wp-json\/wp\/v2\/pages\/770\/revisions\/791"}],"wp:featuredmedia":[{"embeddable":true,"href":"https:\/\/webdesignsolutions.tech\/sanluis\/wp-json\/wp\/v2\/media\/773"}],"wp:attachment":[{"href":"https:\/\/webdesignsolutions.tech\/sanluis\/wp-json\/wp\/v2\/media?parent=770"}],"curies":[{"name":"wp","href":"https:\/\/api.w.org\/{rel}","templated":true}]}}