{"id":285,"date":"2024-01-27T17:41:39","date_gmt":"2024-01-27T20:41:39","guid":{"rendered":"https:\/\/webdesignsolutions.tech\/sanluis\/?page_id=285"},"modified":"2024-04-27T18:49:49","modified_gmt":"2024-04-27T21:49:49","slug":"secretarias","status":"publish","type":"page","link":"https:\/\/webdesignsolutions.tech\/sanluis\/secretarias\/","title":{"rendered":"Secretar\u00edas Municipales"},"content":{"rendered":"\t\t<div data-elementor-type=\"wp-page\" data-elementor-id=\"285\" class=\"elementor elementor-285\" data-elementor-post-type=\"page\">\n\t\t\t\t\t\t\t<div class=\"elementor-element elementor-element-72bbc84 e-flex e-con-boxed e-con e-parent\" data-id=\"72bbc84\" data-element_type=\"container\" data-settings=\"{&quot;background_background&quot;:&quot;classic&quot;,&quot;content_width&quot;:&quot;boxed&quot;}\" data-core-v316-plus=\"true\">\n\t\t\t\t\t<div class=\"e-con-inner\">\n\t\t\t\t\t<\/div>\n\t\t\t\t<\/div>\n\t\t<div class=\"elementor-element elementor-element-19033dd e-flex e-con-boxed e-con e-parent\" data-id=\"19033dd\" data-element_type=\"container\" data-settings=\"{&quot;background_background&quot;:&quot;gradient&quot;,&quot;content_width&quot;:&quot;boxed&quot;}\" data-core-v316-plus=\"true\">\n\t\t\t\t\t<div class=\"e-con-inner\">\n\t\t\t\t\t<\/div>\n\t\t\t\t<\/div>\n\t\t<div class=\"elementor-element elementor-element-5569bcc e-flex e-con-boxed e-con e-parent\" data-id=\"5569bcc\" data-element_type=\"container\" data-settings=\"{&quot;background_background&quot;:&quot;gradient&quot;,&quot;content_width&quot;:&quot;boxed&quot;}\" data-core-v316-plus=\"true\">\n\t\t\t\t\t<div class=\"e-con-inner\">\n\t\t\t\t<div class=\"elementor-element elementor-element-d6473b7 elementor-widget elementor-widget-heading\" data-id=\"d6473b7\" data-element_type=\"widget\" data-widget_type=\"heading.default\">\n\t\t\t\t<div class=\"elementor-widget-container\">\n\t\t\t<style>\/*! elementor - v3.18.0 - 20-12-2023 *\/\n.elementor-heading-title{padding:0;margin:0;line-height:1}.elementor-widget-heading .elementor-heading-title[class*=elementor-size-]>a{color:inherit;font-size:inherit;line-height:inherit}.elementor-widget-heading .elementor-heading-title.elementor-size-small{font-size:15px}.elementor-widget-heading .elementor-heading-title.elementor-size-medium{font-size:19px}.elementor-widget-heading .elementor-heading-title.elementor-size-large{font-size:29px}.elementor-widget-heading .elementor-heading-title.elementor-size-xl{font-size:39px}.elementor-widget-heading .elementor-heading-title.elementor-size-xxl{font-size:59px}<\/style><h2 class=\"elementor-heading-title elementor-size-default\">Secretar\u00edas Municipales<\/h2>\t\t<\/div>\n\t\t\t\t<\/div>\n\t\t\t\t<div class=\"elementor-element elementor-element-120b812 elementor-widget elementor-widget-heading\" data-id=\"120b812\" data-element_type=\"widget\" data-widget_type=\"heading.default\">\n\t\t\t\t<div class=\"elementor-widget-container\">\n\t\t\t<p class=\"elementor-heading-title elementor-size-default\">Te presentamos la estructura de la gesti\u00f3n municipal que cuenta con 4 secretar\u00edas\nque concentran la totalidad de los servicios que se prestan a los vecinos. <\/p>\t\t<\/div>\n\t\t\t\t<\/div>\n\t\t\t\t\t<\/div>\n\t\t\t\t<\/div>\n\t\t<div class=\"elementor-element elementor-element-b82c252 e-flex e-con-boxed e-con e-parent\" data-id=\"b82c252\" data-element_type=\"container\" data-settings=\"{&quot;content_width&quot;:&quot;boxed&quot;}\" data-core-v316-plus=\"true\">\n\t\t\t\t\t<div class=\"e-con-inner\">\n\t\t\t\t<div class=\"elementor-element elementor-element-2df0425 elementor-grid-1 elementor-posts--thumbnail-top elementor-grid-tablet-2 elementor-grid-mobile-1 elementor-widget elementor-widget-posts\" data-id=\"2df0425\" data-element_type=\"widget\" data-settings=\"{&quot;custom_columns&quot;:&quot;1&quot;,&quot;custom_row_gap&quot;:{&quot;unit&quot;:&quot;px&quot;,&quot;size&quot;:0,&quot;sizes&quot;:[]},&quot;custom_columns_tablet&quot;:&quot;2&quot;,&quot;custom_columns_mobile&quot;:&quot;1&quot;,&quot;custom_row_gap_tablet&quot;:{&quot;unit&quot;:&quot;px&quot;,&quot;size&quot;:&quot;&quot;,&quot;sizes&quot;:[]},&quot;custom_row_gap_mobile&quot;:{&quot;unit&quot;:&quot;px&quot;,&quot;size&quot;:&quot;&quot;,&quot;sizes&quot;:[]}}\" data-widget_type=\"posts.custom\">\n\t\t\t\t<div class=\"elementor-widget-container\">\n\t\t\t<link rel=\"stylesheet\" href=\"https:\/\/webdesignsolutions.tech\/sanluis\/wp-content\/plugins\/elementor-pro\/assets\/css\/widget-posts.min.css\">      <div class=\"ecs-posts elementor-posts-container elementor-posts   elementor-grid elementor-posts--skin-custom\" data-settings=\"{&quot;current_page&quot;:1,&quot;max_num_pages&quot;:0,&quot;load_method&quot;:&quot;&quot;,&quot;widget_id&quot;:&quot;2df0425&quot;,&quot;post_id&quot;:285,&quot;theme_id&quot;:285,&quot;change_url&quot;:false,&quot;reinit_js&quot;:false}\">\n      \t\t<article id=\"post-720\" class=\"elementor-post elementor-grid-item ecs-post-loop post-720 secretaria type-secretaria status-publish hentry\">\n\t\t\t\t<div data-elementor-type=\"loop\" data-elementor-id=\"711\" class=\"elementor elementor-711 post-720 secretaria type-secretaria status-publish hentry\" data-elementor-post-type=\"elementor_library\">\n\t\t\t\t\t\t<div class=\"elementor-element elementor-element-a3c6d28 e-flex e-con-boxed e-con e-parent\" data-id=\"a3c6d28\" data-element_type=\"container\" data-settings=\"{&quot;content_width&quot;:&quot;boxed&quot;}\" data-core-v316-plus=\"true\">\n\t\t\t\t\t<div class=\"e-con-inner\">\n\t\t\t\t<div class=\"elementor-element elementor-element-8dd1b00 elementor-widget elementor-widget-theme-post-title elementor-page-title elementor-widget-heading\" data-id=\"8dd1b00\" data-element_type=\"widget\" data-widget_type=\"theme-post-title.default\">\n\t\t\t\t<div class=\"elementor-widget-container\">\n\t\t\t<h2 class=\"elementor-heading-title elementor-size-default\">Secretar\u00eda Legal y T\u00e9cnica y de Relaciones Institucionales<\/h2>\t\t<\/div>\n\t\t\t\t<\/div>\n\t\t\t\t<div class=\"elementor-element elementor-element-334713e elementor-widget elementor-widget-theme-post-content\" data-id=\"334713e\" data-element_type=\"widget\" data-widget_type=\"theme-post-content.default\">\n\t\t\t\t<div class=\"elementor-widget-container\">\n\t\t\t<p>Eval\u00faa y controla los aspectos legales y t\u00e9cnicos de todos los actos administrativos que corresponden al Poder Ejecutivo Municipal. Nuestras principales funciones son el perfeccionamiento y actualizaci\u00f3n de la legislaci\u00f3n vigente en pos de su cumplimiento, integrado en la conformidad con las normas constitucionales, legales y reglamentarias.<\/p>\n\t\t<\/div>\n\t\t\t\t<\/div>\n\t\t<div class=\"elementor-element elementor-element-e69c77c e-flex e-con-boxed e-con e-child\" data-id=\"e69c77c\" data-element_type=\"container\" data-settings=\"{&quot;content_width&quot;:&quot;boxed&quot;}\">\n\t\t\t\t\t<div class=\"e-con-inner\">\n\t\t\t\t<div class=\"elementor-element elementor-element-6f90400 elementor-hidden-mobile elementor-widget elementor-widget-image\" data-id=\"6f90400\" data-element_type=\"widget\" data-widget_type=\"image.default\">\n\t\t\t\t<div class=\"elementor-widget-container\">\n\t\t\t<style>\/*! elementor - v3.18.0 - 20-12-2023 *\/\n.elementor-widget-image{text-align:center}.elementor-widget-image a{display:inline-block}.elementor-widget-image a img[src$=\".svg\"]{width:48px}.elementor-widget-image img{vertical-align:middle;display:inline-block}<\/style>\t\t\t\t\t\t\t\t\t\t\t\t<img decoding=\"async\" width=\"51\" height=\"61\" src=\"https:\/\/webdesignsolutions.tech\/sanluis\/wp-content\/uploads\/2024\/04\/Asset-1.png\" class=\"attachment-full size-full wp-image-703\" alt=\"Map\" \/>\t\t\t\t\t\t\t\t\t\t\t\t\t\t\t<\/div>\n\t\t\t\t<\/div>\n\t\t\t\t<div class=\"elementor-element elementor-element-d17de8b elementor-widget elementor-widget-heading\" data-id=\"d17de8b\" data-element_type=\"widget\" data-widget_type=\"heading.default\">\n\t\t\t\t<div class=\"elementor-widget-container\">\n\t\t\t<span class=\"elementor-heading-title elementor-size-default\">SAN MART\u00cdN 590<\/span>\t\t<\/div>\n\t\t\t\t<\/div>\n\t\t\t\t<div class=\"elementor-element elementor-element-cd7130e elementor-widget elementor-widget-heading\" data-id=\"cd7130e\" data-element_type=\"widget\" data-widget_type=\"heading.default\">\n\t\t\t\t<div class=\"elementor-widget-container\">\n\t\t\t<span class=\"elementor-heading-title elementor-size-default\">\/<\/span>\t\t<\/div>\n\t\t\t\t<\/div>\n\t\t\t\t<div class=\"elementor-element elementor-element-ae4192e elementor-widget elementor-widget-heading\" data-id=\"ae4192e\" data-element_type=\"widget\" data-widget_type=\"heading.default\">\n\t\t\t\t<div class=\"elementor-widget-container\">\n\t\t\t<span class=\"elementor-heading-title elementor-size-default\">EDIFICIO MUNICIPAL<\/span>\t\t<\/div>\n\t\t\t\t<\/div>\n\t\t\t\t\t<\/div>\n\t\t\t\t<\/div>\n\t\t\t\t\t<\/div>\n\t\t\t\t<\/div>\n\t\t\t\t\t\t<\/div>\n\t\t\t\t<\/article>\n\t\t\t\t<article id=\"post-721\" class=\"elementor-post elementor-grid-item ecs-post-loop post-721 secretaria type-secretaria status-publish hentry\">\n\t\t\t\t<div data-elementor-type=\"loop\" data-elementor-id=\"711\" class=\"elementor elementor-711 post-721 secretaria type-secretaria status-publish hentry\" data-elementor-post-type=\"elementor_library\">\n\t\t\t\t\t\t<div class=\"elementor-element elementor-element-a3c6d28 e-flex e-con-boxed e-con e-parent\" data-id=\"a3c6d28\" data-element_type=\"container\" data-settings=\"{&quot;content_width&quot;:&quot;boxed&quot;}\" data-core-v316-plus=\"true\">\n\t\t\t\t\t<div class=\"e-con-inner\">\n\t\t\t\t<div class=\"elementor-element elementor-element-8dd1b00 elementor-widget elementor-widget-theme-post-title elementor-page-title elementor-widget-heading\" data-id=\"8dd1b00\" data-element_type=\"widget\" data-widget_type=\"theme-post-title.default\">\n\t\t\t\t<div class=\"elementor-widget-container\">\n\t\t\t<h2 class=\"elementor-heading-title elementor-size-default\">Secretar\u00eda de Hacienda, Infraestructura y Planeamiento<\/h2>\t\t<\/div>\n\t\t\t\t<\/div>\n\t\t\t\t<div class=\"elementor-element elementor-element-334713e elementor-widget elementor-widget-theme-post-content\" data-id=\"334713e\" data-element_type=\"widget\" data-widget_type=\"theme-post-content.default\">\n\t\t\t\t<div class=\"elementor-widget-container\">\n\t\t\t<p>Tenemos como misi\u00f3n formular, orientar, aplicar y evaluar el patrimonio, las finanzas y recursos humanos del Municipio, mediante procesos de planeamiento y ejecuci\u00f3n de ingresos, gastos, registro y an\u00e1lisis contable adem\u00e1s de establecer pol\u00edticas de gesti\u00f3n en relaci\u00f3n al desarrollo urbano. Nuestro objetivo es garantizar la eficiencia, disponibilidad y transparencia en la administraci\u00f3n de los recursos y la pol\u00edtica econ\u00f3mica, financiera y fiscal de la Municipalidad.<\/p>\n\t\t<\/div>\n\t\t\t\t<\/div>\n\t\t<div class=\"elementor-element elementor-element-e69c77c e-flex e-con-boxed e-con e-child\" data-id=\"e69c77c\" data-element_type=\"container\" data-settings=\"{&quot;content_width&quot;:&quot;boxed&quot;}\">\n\t\t\t\t\t<div class=\"e-con-inner\">\n\t\t\t\t<div class=\"elementor-element elementor-element-6f90400 elementor-hidden-mobile elementor-widget elementor-widget-image\" data-id=\"6f90400\" data-element_type=\"widget\" data-widget_type=\"image.default\">\n\t\t\t\t<div class=\"elementor-widget-container\">\n\t\t\t\t\t\t\t\t\t\t\t\t\t\t\t<img decoding=\"async\" width=\"51\" height=\"61\" src=\"https:\/\/webdesignsolutions.tech\/sanluis\/wp-content\/uploads\/2024\/04\/Asset-1.png\" class=\"attachment-full size-full wp-image-703\" alt=\"Map\" \/>\t\t\t\t\t\t\t\t\t\t\t\t\t\t\t<\/div>\n\t\t\t\t<\/div>\n\t\t\t\t<div class=\"elementor-element elementor-element-d17de8b elementor-widget elementor-widget-heading\" data-id=\"d17de8b\" data-element_type=\"widget\" data-widget_type=\"heading.default\">\n\t\t\t\t<div class=\"elementor-widget-container\">\n\t\t\t<span class=\"elementor-heading-title elementor-size-default\">SAN MART\u00cdN 590<\/span>\t\t<\/div>\n\t\t\t\t<\/div>\n\t\t\t\t<div class=\"elementor-element elementor-element-cd7130e elementor-widget elementor-widget-heading\" data-id=\"cd7130e\" data-element_type=\"widget\" data-widget_type=\"heading.default\">\n\t\t\t\t<div class=\"elementor-widget-container\">\n\t\t\t<span class=\"elementor-heading-title elementor-size-default\">\/<\/span>\t\t<\/div>\n\t\t\t\t<\/div>\n\t\t\t\t<div class=\"elementor-element elementor-element-ae4192e elementor-widget elementor-widget-heading\" data-id=\"ae4192e\" data-element_type=\"widget\" data-widget_type=\"heading.default\">\n\t\t\t\t<div class=\"elementor-widget-container\">\n\t\t\t<span class=\"elementor-heading-title elementor-size-default\">EDIFICIO MUNICIPAL<\/span>\t\t<\/div>\n\t\t\t\t<\/div>\n\t\t\t\t\t<\/div>\n\t\t\t\t<\/div>\n\t\t\t\t\t<\/div>\n\t\t\t\t<\/div>\n\t\t\t\t\t\t<\/div>\n\t\t\t\t<\/article>\n\t\t\t\t<article id=\"post-723\" class=\"elementor-post elementor-grid-item ecs-post-loop post-723 secretaria type-secretaria status-publish hentry\">\n\t\t\t\t<div data-elementor-type=\"loop\" data-elementor-id=\"711\" class=\"elementor elementor-711 post-723 secretaria type-secretaria status-publish hentry\" data-elementor-post-type=\"elementor_library\">\n\t\t\t\t\t\t<div class=\"elementor-element elementor-element-a3c6d28 e-flex e-con-boxed e-con e-parent\" data-id=\"a3c6d28\" data-element_type=\"container\" data-settings=\"{&quot;content_width&quot;:&quot;boxed&quot;}\" data-core-v316-plus=\"true\">\n\t\t\t\t\t<div class=\"e-con-inner\">\n\t\t\t\t<div class=\"elementor-element elementor-element-8dd1b00 elementor-widget elementor-widget-theme-post-title elementor-page-title elementor-widget-heading\" data-id=\"8dd1b00\" data-element_type=\"widget\" data-widget_type=\"theme-post-title.default\">\n\t\t\t\t<div class=\"elementor-widget-container\">\n\t\t\t<h2 class=\"elementor-heading-title elementor-size-default\">Secretar\u00eda de Servicios P\u00fablicos, Mantenimiento y Movilidad Urbana<\/h2>\t\t<\/div>\n\t\t\t\t<\/div>\n\t\t\t\t<div class=\"elementor-element elementor-element-334713e elementor-widget elementor-widget-theme-post-content\" data-id=\"334713e\" data-element_type=\"widget\" data-widget_type=\"theme-post-content.default\">\n\t\t\t\t<div class=\"elementor-widget-container\">\n\t\t\t<p>Gestionamos y mantenemos los servicios esenciales para la comunidad, incluyendo la recolecci\u00f3n de residuos, el mantenimiento de espacios verdes y calles, el suministro de agua potable, el sistema de redes cloacales, el alumbrado p\u00fablico y la gesti\u00f3n de bienes municipales. Adem\u00e1s, regulamos y supervisamos el transporte p\u00fablico y privado en el ejido municipal, incluyendo la gesti\u00f3n de licencias de conducir, el control del tr\u00e1fico, y la implementaci\u00f3n de pol\u00edticas y programas para promover la seguridad e infraestructura vial.<\/p>\n\t\t<\/div>\n\t\t\t\t<\/div>\n\t\t<div class=\"elementor-element elementor-element-e69c77c e-flex e-con-boxed e-con e-child\" data-id=\"e69c77c\" data-element_type=\"container\" data-settings=\"{&quot;content_width&quot;:&quot;boxed&quot;}\">\n\t\t\t\t\t<div class=\"e-con-inner\">\n\t\t\t\t<div class=\"elementor-element elementor-element-6f90400 elementor-hidden-mobile elementor-widget elementor-widget-image\" data-id=\"6f90400\" data-element_type=\"widget\" data-widget_type=\"image.default\">\n\t\t\t\t<div class=\"elementor-widget-container\">\n\t\t\t\t\t\t\t\t\t\t\t\t\t\t\t<img decoding=\"async\" width=\"51\" height=\"61\" src=\"https:\/\/webdesignsolutions.tech\/sanluis\/wp-content\/uploads\/2024\/04\/Asset-1.png\" class=\"attachment-full size-full wp-image-703\" alt=\"Map\" \/>\t\t\t\t\t\t\t\t\t\t\t\t\t\t\t<\/div>\n\t\t\t\t<\/div>\n\t\t\t\t<div class=\"elementor-element elementor-element-d17de8b elementor-widget elementor-widget-heading\" data-id=\"d17de8b\" data-element_type=\"widget\" data-widget_type=\"heading.default\">\n\t\t\t\t<div class=\"elementor-widget-container\">\n\t\t\t<span class=\"elementor-heading-title elementor-size-default\">AVENIDA DEL FUNDADOR 1145<\/span>\t\t<\/div>\n\t\t\t\t<\/div>\n\t\t\t\t<div class=\"elementor-element elementor-element-cd7130e elementor-widget elementor-widget-heading\" data-id=\"cd7130e\" data-element_type=\"widget\" data-widget_type=\"heading.default\">\n\t\t\t\t<div class=\"elementor-widget-container\">\n\t\t\t<span class=\"elementor-heading-title elementor-size-default\">\/<\/span>\t\t<\/div>\n\t\t\t\t<\/div>\n\t\t\t\t\t<\/div>\n\t\t\t\t<\/div>\n\t\t\t\t\t<\/div>\n\t\t\t\t<\/div>\n\t\t\t\t\t\t<\/div>\n\t\t\t\t<\/article>\n\t\t\t\t<article id=\"post-724\" class=\"elementor-post elementor-grid-item ecs-post-loop post-724 secretaria type-secretaria status-publish hentry\">\n\t\t\t\t<div data-elementor-type=\"loop\" data-elementor-id=\"711\" class=\"elementor elementor-711 post-724 secretaria type-secretaria status-publish hentry\" data-elementor-post-type=\"elementor_library\">\n\t\t\t\t\t\t<div class=\"elementor-element elementor-element-a3c6d28 e-flex e-con-boxed e-con e-parent\" data-id=\"a3c6d28\" data-element_type=\"container\" data-settings=\"{&quot;content_width&quot;:&quot;boxed&quot;}\" data-core-v316-plus=\"true\">\n\t\t\t\t\t<div class=\"e-con-inner\">\n\t\t\t\t<div class=\"elementor-element elementor-element-8dd1b00 elementor-widget elementor-widget-theme-post-title elementor-page-title elementor-widget-heading\" data-id=\"8dd1b00\" data-element_type=\"widget\" data-widget_type=\"theme-post-title.default\">\n\t\t\t\t<div class=\"elementor-widget-container\">\n\t\t\t<h2 class=\"elementor-heading-title elementor-size-default\">Secretar\u00eda de Vinculaci\u00f3n y Cercan\u00eda con el vecino<\/h2>\t\t<\/div>\n\t\t\t\t<\/div>\n\t\t\t\t<div class=\"elementor-element elementor-element-334713e elementor-widget elementor-widget-theme-post-content\" data-id=\"334713e\" data-element_type=\"widget\" data-widget_type=\"theme-post-content.default\">\n\t\t\t\t<div class=\"elementor-widget-container\">\n\t\t\t<p>Dise\u00f1amos y ejecutamos pol\u00edticas p\u00fablicas que tienden al desarrollo integral del ciudadano, como sujeto pleno de derechos, haciendo especial foco en aquellas que se encuentren en situaci\u00f3n de vulnerabilidad, en todo el territorio de la ciudad de San Luis. La promoci\u00f3n de estas pol\u00edticas integrales nuclean la protecci\u00f3n integral de las familias, la ni\u00f1ez y adolescencia, juventud, ancianidad y discapacidad, con el prop\u00f3sito de asegurar la equidad social y la integraci\u00f3n creativa hacia todos los ciudadanos para el ejercicio pleno de sus derechos y sus responsabilidades.<\/p>\n<p>Adem\u00e1s fomentamos el desarrollo de actividades recreativas y deportivas, para impulsar h\u00e1bitos saludables en la comunidad. Es parte de nuestra responsabilidad la promoci\u00f3n del cuidado y bienestar de los animales, como as\u00ed tambi\u00e9n la concientizaci\u00f3n sobre la tenencia responsable. Llevamos adelante campa\u00f1as de esterilizaci\u00f3n, vacunaci\u00f3n y controles de manera gratuita.<\/p>\n\t\t<\/div>\n\t\t\t\t<\/div>\n\t\t<div class=\"elementor-element elementor-element-e69c77c e-flex e-con-boxed e-con e-child\" data-id=\"e69c77c\" data-element_type=\"container\" data-settings=\"{&quot;content_width&quot;:&quot;boxed&quot;}\">\n\t\t\t\t\t<div class=\"e-con-inner\">\n\t\t\t\t<div class=\"elementor-element elementor-element-6f90400 elementor-hidden-mobile elementor-widget elementor-widget-image\" data-id=\"6f90400\" data-element_type=\"widget\" data-widget_type=\"image.default\">\n\t\t\t\t<div class=\"elementor-widget-container\">\n\t\t\t\t\t\t\t\t\t\t\t\t\t\t\t<img decoding=\"async\" width=\"51\" height=\"61\" src=\"https:\/\/webdesignsolutions.tech\/sanluis\/wp-content\/uploads\/2024\/04\/Asset-1.png\" class=\"attachment-full size-full wp-image-703\" alt=\"Map\" \/>\t\t\t\t\t\t\t\t\t\t\t\t\t\t\t<\/div>\n\t\t\t\t<\/div>\n\t\t\t\t<div class=\"elementor-element elementor-element-d17de8b elementor-widget elementor-widget-heading\" data-id=\"d17de8b\" data-element_type=\"widget\" data-widget_type=\"heading.default\">\n\t\t\t\t<div class=\"elementor-widget-container\">\n\t\t\t<span class=\"elementor-heading-title elementor-size-default\">AV. LAFINUR E ILLIA<\/span>\t\t<\/div>\n\t\t\t\t<\/div>\n\t\t\t\t<div class=\"elementor-element elementor-element-cd7130e elementor-widget elementor-widget-heading\" data-id=\"cd7130e\" data-element_type=\"widget\" data-widget_type=\"heading.default\">\n\t\t\t\t<div class=\"elementor-widget-container\">\n\t\t\t<span class=\"elementor-heading-title elementor-size-default\">\/<\/span>\t\t<\/div>\n\t\t\t\t<\/div>\n\t\t\t\t<div class=\"elementor-element elementor-element-ae4192e elementor-widget elementor-widget-heading\" data-id=\"ae4192e\" data-element_type=\"widget\" data-widget_type=\"heading.default\">\n\t\t\t\t<div class=\"elementor-widget-container\">\n\t\t\t<span class=\"elementor-heading-title elementor-size-default\">CENTRO CULTURAL JOS\u00c9 LA V\u00cdA<\/span>\t\t<\/div>\n\t\t\t\t<\/div>\n\t\t\t\t\t<\/div>\n\t\t\t\t<\/div>\n\t\t\t\t\t<\/div>\n\t\t\t\t<\/div>\n\t\t\t\t\t\t<\/div>\n\t\t\t\t<\/article>\n\t\t\t\t<\/div>\n\t\t\t\t<\/div>\n\t\t\t\t<\/div>\n\t\t\t\t\t<\/div>\n\t\t\t\t<\/div>\n\t\t\t\t\t\t\t<\/div>\n\t\t","protected":false},"excerpt":{"rendered":"<p>Te presentamos la estructura de la gesti\u00f3n municipal que cuenta con 4 secretar\u00edas<br \/>\nque concentran la totalidad de los servicios que se prestan a los vecinos. <\/p>\n","protected":false},"author":1,"featured_media":672,"parent":0,"menu_order":0,"comment_status":"closed","ping_status":"closed","template":"","meta":{"_acf_changed":false,"footnotes":""},"class_list":["post-285","page","type-page","status-publish","has-post-thumbnail","hentry"],"acf":[],"_links":{"self":[{"href":"https:\/\/webdesignsolutions.tech\/sanluis\/wp-json\/wp\/v2\/pages\/285","targetHints":{"allow":["GET"]}}],"collection":[{"href":"https:\/\/webdesignsolutions.tech\/sanluis\/wp-json\/wp\/v2\/pages"}],"about":[{"href":"https:\/\/webdesignsolutions.tech\/sanluis\/wp-json\/wp\/v2\/types\/page"}],"author":[{"embeddable":true,"href":"https:\/\/webdesignsolutions.tech\/sanluis\/wp-json\/wp\/v2\/users\/1"}],"replies":[{"embeddable":true,"href":"https:\/\/webdesignsolutions.tech\/sanluis\/wp-json\/wp\/v2\/comments?post=285"}],"version-history":[{"count":38,"href":"https:\/\/webdesignsolutions.tech\/sanluis\/wp-json\/wp\/v2\/pages\/285\/revisions"}],"predecessor-version":[{"id":737,"href":"https:\/\/webdesignsolutions.tech\/sanluis\/wp-json\/wp\/v2\/pages\/285\/revisions\/737"}],"wp:featuredmedia":[{"embeddable":true,"href":"https:\/\/webdesignsolutions.tech\/sanluis\/wp-json\/wp\/v2\/media\/672"}],"wp:attachment":[{"href":"https:\/\/webdesignsolutions.tech\/sanluis\/wp-json\/wp\/v2\/media?parent=285"}],"curies":[{"name":"wp","href":"https:\/\/api.w.org\/{rel}","templated":true}]}}